{"id":123,"date":"2023-07-25T08:18:55","date_gmt":"2023-07-25T08:18:55","guid":{"rendered":"https:\/\/neuminnet.ulpgc.es\/?page_id=123"},"modified":"2023-11-01T22:00:23","modified_gmt":"2023-11-01T22:00:23","slug":"patologia-vocal","status":"publish","type":"page","link":"https:\/\/neuminnet.ulpgc.es\/index.php\/tematicas\/patologia-vocal\/","title":{"rendered":"Patolog\u00eda vocal"},"content":{"rendered":"\n<figure class=\"wp-block-image aligncenter size-full is-resized\"><img loading=\"lazy\" decoding=\"async\" width=\"800\" height=\"548\" src=\"https:\/\/neuminnet.ulpgc.es\/wp-content\/uploads\/2023\/11\/image-1.png\" alt=\"\" class=\"wp-image-160\" style=\"aspect-ratio:1.4598540145985401;width:483px;height:auto\" srcset=\"https:\/\/neuminnet.ulpgc.es\/wp-content\/uploads\/2023\/11\/image-1.png 800w, https:\/\/neuminnet.ulpgc.es\/wp-content\/uploads\/2023\/11\/image-1-300x206.png 300w, https:\/\/neuminnet.ulpgc.es\/wp-content\/uploads\/2023\/11\/image-1-768x526.png 768w\" sizes=\"auto, (max-width: 800px) 100vw, 800px\" \/><\/figure>\n\n\n\n<p><\/p>\n\n\n\n<p>El an\u00e1lisis ac\u00fastico de la voz es una t\u00e9cnica de evaluaci\u00f3n vocal no invasiva y objetiva que se utiliza para el diagn\u00f3stico, tratamiento y estudio de las patolog\u00edas vocales. Se basa en el registro y an\u00e1lisis de la se\u00f1al ac\u00fastica obtenida a partir de una fonaci\u00f3n vocal, utilizando un micr\u00f3fono profesional. Los registros ac\u00fasticos se procesan mediante programas inform\u00e1ticos especializados que permiten la visualizaci\u00f3n y an\u00e1lisis de los par\u00e1metros ac\u00fasticos de la voz, como la frecuencia fundamental, la intensidad, el jitter, el shimmer, entre otros.<\/p>\n\n\n\n<p><\/p>\n\n\n\n<p>El estudio de las patolog\u00edas vocales a trav\u00e9s del an\u00e1lisis ac\u00fastico de la voz es \u00fatil en el \u00e1mbito de la medicina, la otorrinolaringolog\u00eda, la foniatr\u00eda y la logopedia. En medicina, se utiliza para el diagn\u00f3stico y seguimiento de enfermedades como el c\u00e1ncer de laringe o faringe, par\u00e1lisis de las cuerdas vocales, disfon\u00eda espasm\u00f3dica y trastornos neurol\u00f3gicos. En otorrinolaringolog\u00eda y foniatr\u00eda, se emplea para el diagn\u00f3stico y tratamiento de patolog\u00edas como las disfon\u00edas funcionales, n\u00f3dulos vocales, p\u00f3lipos lar\u00edngeos y par\u00e1lisis lar\u00edngeas. En logopedia y terapia del habla y lenguaje, se utiliza para evaluar la efectividad del tratamiento vocal y como mecanismo de retroalimentaci\u00f3n en tiempo real.<\/p>\n\n\n\n<p><\/p>\n\n\n\n<p>Los nuevos desaf\u00edos cient\u00edficos en el estudio de las patolog\u00edas vocales a trav\u00e9s del an\u00e1lisis ac\u00fastico de la voz incluyen el desarrollo de nuevas t\u00e9cnicas para la evaluaci\u00f3n objetiva de la calidad vocal en diferentes idiomas y culturas, as\u00ed como la identificaci\u00f3n temprana de patolog\u00edas vocales. Otro reto importante es mejorar la precisi\u00f3n del diagn\u00f3stico diferencial entre diferentes tipos de patolog\u00edas vocales.<\/p>\n\n\n\n<p><\/p>\n\n\n\n<p>En cuanto a proyectos internacionales sobre el estudio de las patolog\u00edas vocales a trav\u00e9s del an\u00e1lisis ac\u00fastico de la voz, uno destacado es el proyecto europeo \u00abVoice Assessment and Monitoring in Health and Disease\u00bb (VAM-HD), liderado por el Dr. Michael D\u00f6llinger. El objetivo principal del proyecto es desarrollar un sistema integrado para la evaluaci\u00f3n vocal objetiva en diferentes idiomas y culturas.<\/p>\n\n\n","protected":false},"excerpt":{"rendered":"<p>El an\u00e1lisis ac\u00fastico de la voz es una t\u00e9cnica de evaluaci\u00f3n vocal no invasiva y objetiva que se utiliza para el diagn\u00f3stico, tratamiento y estudio de las patolog\u00edas vocales. Se basa en el registro y an\u00e1lisis de la se\u00f1al ac\u00fastica obtenida a partir de una fonaci\u00f3n vocal, utilizando un micr\u00f3fono profesional. Los registros ac\u00fasticos se &hellip;<\/p>\n<p class=\"read-more\"> <a class=\"\" href=\"https:\/\/neuminnet.ulpgc.es\/index.php\/tematicas\/patologia-vocal\/\"> <span class=\"screen-reader-text\">Patolog\u00eda vocal<\/span> Leer m\u00e1s &raquo;<\/a><\/p>\n","protected":false},"author":2,"featured_media":0,"parent":65,"menu_order":0,"comment_status":"closed","ping_status":"closed","template":"","meta":{"site-sidebar-layout":"default","site-content-layout":"default","ast-global-header-display":"","ast-banner-title-visibility":"","ast-main-header-display":"","ast-hfb-above-header-display":"","ast-hfb-below-header-display":"","ast-hfb-mobile-header-display":"","site-post-title":"","ast-breadcrumbs-content":"","ast-featured-img":"","footer-sml-layout":"","theme-transparent-header-meta":"","adv-header-id-meta":"","stick-header-meta":"","header-above-stick-meta":"","header-main-stick-meta":"","header-below-stick-meta":"","footnotes":""},"class_list":["post-123","page","type-page","status-publish","hentry"],"_links":{"self":[{"href":"https:\/\/neuminnet.ulpgc.es\/index.php\/wp-json\/wp\/v2\/pages\/123","targetHints":{"allow":["GET"]}}],"collection":[{"href":"https:\/\/neuminnet.ulpgc.es\/index.php\/wp-json\/wp\/v2\/pages"}],"about":[{"href":"https:\/\/neuminnet.ulpgc.es\/index.php\/wp-json\/wp\/v2\/types\/page"}],"author":[{"embeddable":true,"href":"https:\/\/neuminnet.ulpgc.es\/index.php\/wp-json\/wp\/v2\/users\/2"}],"replies":[{"embeddable":true,"href":"https:\/\/neuminnet.ulpgc.es\/index.php\/wp-json\/wp\/v2\/comments?post=123"}],"version-history":[{"count":4,"href":"https:\/\/neuminnet.ulpgc.es\/index.php\/wp-json\/wp\/v2\/pages\/123\/revisions"}],"predecessor-version":[{"id":162,"href":"https:\/\/neuminnet.ulpgc.es\/index.php\/wp-json\/wp\/v2\/pages\/123\/revisions\/162"}],"up":[{"embeddable":true,"href":"https:\/\/neuminnet.ulpgc.es\/index.php\/wp-json\/wp\/v2\/pages\/65"}],"wp:attachment":[{"href":"https:\/\/neuminnet.ulpgc.es\/index.php\/wp-json\/wp\/v2\/media?parent=123"}],"curies":[{"name":"wp","href":"https:\/\/api.w.org\/{rel}","templated":true}]}}