{"id":138,"date":"2023-10-05T10:34:50","date_gmt":"2023-10-05T10:34:50","guid":{"rendered":"https:\/\/neuminnet.ulpgc.es\/?page_id=138"},"modified":"2023-11-29T02:01:08","modified_gmt":"2023-11-29T02:01:08","slug":"aplicaciones","status":"publish","type":"page","link":"https:\/\/neuminnet.ulpgc.es\/index.php\/aplicaciones\/","title":{"rendered":"APLICACIONES"},"content":{"rendered":"\n<p>Aqu\u00ed encontrar\u00e1s programas inform\u00e1ticos en la investigaci\u00f3n interdisciplinar sobre el habla y la voz. Puedes descargarlos directamente desde aqu\u00ed o desde la web de los desarrolladores, a la que acceder\u00e1s mediante los enlaces que encontrar\u00e1s en esta secci\u00f3n:<\/p>\n\n\n\n<figure class=\"wp-block-image size-full is-resized\"><img loading=\"lazy\" decoding=\"async\" width=\"128\" height=\"128\" src=\"https:\/\/neuminnet.ulpgc.es\/wp-content\/uploads\/2023\/10\/Logo-praat.png\" alt=\"\" class=\"wp-image-139\" style=\"width:114px;height:114px\"\/><\/figure>\n\n\n\n<h3 class=\"wp-block-heading\"><strong><mark style=\"background-color:rgba(0, 0, 0, 0)\" class=\"has-inline-color has-ast-global-color-0-color\">Praat<\/mark><\/strong><\/h3>\n\n\n\n<p>Authors: Paul Boersma and David Weenink, from <a href=\"https:\/\/www.fon.hum.uva.nl\/\">Phonetic Sciences<\/a>, University of Amsterdam.<\/p>\n\n\n\n<p>Acoustic speech analysis program. Various functions: Speech analysis, speech synthesis, labelling and segmentation, speech manipulation, learning algorithms, statistics, graphics, programmability, portability, among others. <\/p>\n\n\n\n<p>Free download link: <a href=\"https:\/\/www.fon.hum.uva.nl\/praat\/\">https:\/\/www.fon.hum.uva.nl\/praat\/<\/a> <\/p>\n\n\n\n<figure class=\"wp-block-image size-large is-resized\"><img loading=\"lazy\" decoding=\"async\" width=\"1024\" height=\"682\" src=\"https:\/\/neuminnet.ulpgc.es\/wp-content\/uploads\/2023\/10\/Wishper-1024x682.webp\" alt=\"\" class=\"wp-image-143\" style=\"width:208px;height:139px\" srcset=\"https:\/\/neuminnet.ulpgc.es\/wp-content\/uploads\/2023\/10\/Wishper-1024x682.webp 1024w, https:\/\/neuminnet.ulpgc.es\/wp-content\/uploads\/2023\/10\/Wishper-300x200.webp 300w, https:\/\/neuminnet.ulpgc.es\/wp-content\/uploads\/2023\/10\/Wishper-768x511.webp 768w, https:\/\/neuminnet.ulpgc.es\/wp-content\/uploads\/2023\/10\/Wishper.webp 1200w\" sizes=\"auto, (max-width: 1024px) 100vw, 1024px\" \/><\/figure>\n\n\n\n<h3 class=\"wp-block-heading\"><mark style=\"background-color:rgba(0, 0, 0, 0)\" class=\"has-inline-color has-ast-global-color-0-color\">Whisper<\/mark><\/h3>\n\n\n\n<p>From OpenAI. It is an automatic speech recognition (ASR) system.<\/p>\n\n\n\n<p>It is an open access program. It can be used through the OpenAI website: <a href=\"https:\/\/replicate.com\/openai\/whisper\" data-type=\"link\" data-id=\"https:\/\/replicate.com\/openai\/whisper\">https:\/\/replicate.com\/openai\/whisper<\/a><\/p>\n\n\n\n<p>It is also possible to install it on your device if you already have Python on your computer. To access the different commands to run it, go to the official Whisper repository on Github: <a href=\"https:\/\/github.com\/openai\/whisper\" data-type=\"link\" data-id=\"https:\/\/github.com\/openai\/whisper\">https:\/\/github.com\/openai\/whisper<\/a><\/p>\n\n\n\n<p><\/p>\n\n\n\n<figure class=\"wp-block-image size-full\"><img loading=\"lazy\" decoding=\"async\" width=\"545\" height=\"240\" src=\"https:\/\/neuminnet.ulpgc.es\/wp-content\/uploads\/2023\/11\/image.png\" alt=\"\" class=\"wp-image-157\" srcset=\"https:\/\/neuminnet.ulpgc.es\/wp-content\/uploads\/2023\/11\/image.png 545w, https:\/\/neuminnet.ulpgc.es\/wp-content\/uploads\/2023\/11\/image-300x132.png 300w\" sizes=\"auto, (max-width: 545px) 100vw, 545px\" \/><\/figure>\n\n\n\n<p><strong>UCL PSYCHOLOGY AND LANGUAGE SCIENCES<\/strong><\/p>\n\n\n\n<p>UCL Division of Psychology and Language Sciences<\/p>\n\n\n\n<p>Speech Hearing and Phonetic Sciences<\/p>\n\n\n\n<p>UCL Speech Hearing and Phonetic Sciences (SHaPS) is internationally recognised for the excellence of its research into the perception and production of speech, hearing for speech and applied research in speech signal processing. It combines basic research into the normal mechanisms of speech and hearing with applied research into problems caused by hearing impairment or by atypical perceptual and cognitive development. Their methodologies include behavioural experimentation, neuro-imaging, computational modelling and acoustic analysis.<\/p>\n\n\n\n<p><em>Software in Speech, Hearing and Phonetic Sciences<\/em><\/p>\n\n\n\n<p><a href=\"https:\/\/www.phon.ucl.ac.uk\/resource\/software.php\">https:\/\/www.phon.ucl.ac.uk\/resource\/software.php<\/a><\/p>\n\n\n\n\n\n<figure class=\"wp-block-image size-full\"><img loading=\"lazy\" decoding=\"async\" width=\"512\" height=\"512\" src=\"https:\/\/neuminnet.ulpgc.es\/wp-content\/uploads\/2023\/11\/sounds-of-speech.png\" alt=\"\" class=\"wp-image-177\" srcset=\"https:\/\/neuminnet.ulpgc.es\/wp-content\/uploads\/2023\/11\/sounds-of-speech.png 512w, https:\/\/neuminnet.ulpgc.es\/wp-content\/uploads\/2023\/11\/sounds-of-speech-300x300.png 300w, https:\/\/neuminnet.ulpgc.es\/wp-content\/uploads\/2023\/11\/sounds-of-speech-150x150.png 150w\" sizes=\"auto, (max-width: 512px) 100vw, 512px\" \/><\/figure>\n\n\n\n<h2 class=\"wp-block-heading has-ast-global-color-0-color has-text-color has-link-color has-large-font-size wp-elements-99af5c0d2a98fd93c34d8f1233a13793\"><strong>Sounds of Speech<\/strong><\/h2>\n\n\n\n<p class=\"has-medium-font-size\">Website created by the University of Iowa.<br>The Sounds of Speech explains in detail the articulation of the sounds of Spanish, American English and German. This resource includes animations, videos and explanations of all the consonants and vowels of these languages.<\/p>\n\n\n\n<p><a href=\"https:\/\/soundsofspeech.uiowa.edu\/\">https:\/\/soundsofspeech.uiowa.edu\/<\/a><\/p>\n","protected":false},"excerpt":{"rendered":"<p>Aqu\u00ed encontrar\u00e1s programas inform\u00e1ticos en la investigaci\u00f3n interdisciplinar sobre el habla y la voz. Puedes descargarlos directamente desde aqu\u00ed o desde la web de los desarrolladores, a la que acceder\u00e1s mediante los enlaces que encontrar\u00e1s en esta secci\u00f3n: Praat Authors: Paul Boersma and David Weenink, from Phonetic Sciences, University of Amsterdam. Acoustic speech analysis program. &hellip;<\/p>\n<p class=\"read-more\"> <a class=\"\" href=\"https:\/\/neuminnet.ulpgc.es\/index.php\/aplicaciones\/\"> <span class=\"screen-reader-text\">APLICACIONES<\/span> Leer m\u00e1s &raquo;<\/a><\/p>\n","protected":false},"author":2,"featured_media":0,"parent":0,"menu_order":0,"comment_status":"closed","ping_status":"closed","template":"","meta":{"site-sidebar-layout":"default","site-content-layout":"default","ast-global-header-display":"","ast-banner-title-visibility":"","ast-main-header-display":"","ast-hfb-above-header-display":"","ast-hfb-below-header-display":"","ast-hfb-mobile-header-display":"","site-post-title":"","ast-breadcrumbs-content":"","ast-featured-img":"","footer-sml-layout":"","theme-transparent-header-meta":"","adv-header-id-meta":"","stick-header-meta":"","header-above-stick-meta":"","header-main-stick-meta":"","header-below-stick-meta":"","footnotes":""},"class_list":["post-138","page","type-page","status-publish","hentry"],"_links":{"self":[{"href":"https:\/\/neuminnet.ulpgc.es\/index.php\/wp-json\/wp\/v2\/pages\/138","targetHints":{"allow":["GET"]}}],"collection":[{"href":"https:\/\/neuminnet.ulpgc.es\/index.php\/wp-json\/wp\/v2\/pages"}],"about":[{"href":"https:\/\/neuminnet.ulpgc.es\/index.php\/wp-json\/wp\/v2\/types\/page"}],"author":[{"embeddable":true,"href":"https:\/\/neuminnet.ulpgc.es\/index.php\/wp-json\/wp\/v2\/users\/2"}],"replies":[{"embeddable":true,"href":"https:\/\/neuminnet.ulpgc.es\/index.php\/wp-json\/wp\/v2\/comments?post=138"}],"version-history":[{"count":6,"href":"https:\/\/neuminnet.ulpgc.es\/index.php\/wp-json\/wp\/v2\/pages\/138\/revisions"}],"predecessor-version":[{"id":178,"href":"https:\/\/neuminnet.ulpgc.es\/index.php\/wp-json\/wp\/v2\/pages\/138\/revisions\/178"}],"wp:attachment":[{"href":"https:\/\/neuminnet.ulpgc.es\/index.php\/wp-json\/wp\/v2\/media?parent=138"}],"curies":[{"name":"wp","href":"https:\/\/api.w.org\/{rel}","templated":true}]}}