{"id":65,"date":"2023-07-04T11:57:47","date_gmt":"2023-07-04T11:57:47","guid":{"rendered":"https:\/\/neuminnet.ulpgc.es\/?page_id=65"},"modified":"2023-07-25T08:22:26","modified_gmt":"2023-07-25T08:22:26","slug":"tematicas","status":"publish","type":"page","link":"https:\/\/neuminnet.ulpgc.es\/index.php\/tematicas\/","title":{"rendered":"Tem\u00e1ticas"},"content":{"rendered":"\n<figure class=\"wp-block-image size-full is-resized\"><img loading=\"lazy\" decoding=\"async\" src=\"https:\/\/neuminnet.ulpgc.es\/wp-content\/uploads\/2023\/07\/pedigree-icon-2316458_640.webp\" alt=\"\" class=\"wp-image-92\" width=\"134\" height=\"134\" srcset=\"https:\/\/neuminnet.ulpgc.es\/wp-content\/uploads\/2023\/07\/pedigree-icon-2316458_640.webp 640w, https:\/\/neuminnet.ulpgc.es\/wp-content\/uploads\/2023\/07\/pedigree-icon-2316458_640-300x300.webp 300w, https:\/\/neuminnet.ulpgc.es\/wp-content\/uploads\/2023\/07\/pedigree-icon-2316458_640-150x150.webp 150w\" sizes=\"auto, (max-width: 134px) 100vw, 134px\" \/><\/figure>\n\n\n\n<h3 class=\"wp-block-heading\">Las tem\u00e1ticas en torno a las que giran los intereses de la comunidad de NeuMinNet son las siguientes: <\/h3>\n\n\n\n<div class=\"inherit-container-width wp-block-group alignwide is-layout-constrained wp-block-group-is-layout-constrained\">\n<h3 class=\"wp-block-heading has-ast-global-color-0-color has-text-color\">Fon\u00e9tica Cl\u00ednica <\/h3>\n<\/div>\n\n\n\n<div class=\"inherit-container-width wp-block-group is-layout-constrained wp-block-group-is-layout-constrained\">\n<h4 class=\"wp-block-heading\" style=\"font-style:normal;font-weight:300\">&#8211; <a href=\"https:\/\/neuminnet.ulpgc.es\/index.php\/trastornos-del-neurodesarrollo\/\" data-type=\"URL\" data-id=\"https:\/\/neuminnet.ulpgc.es\/index.php\/trastornos-del-neurodesarrollo\/\">Trastornos del neurodesarrollo<\/a> <\/h4>\n<\/div>\n\n\n\n<div class=\"inherit-container-width wp-block-group is-layout-constrained wp-block-group-is-layout-constrained\">\n<h4 class=\"wp-block-heading\" style=\"font-style:normal;font-weight:300\">&#8211; <a href=\"https:\/\/neuminnet.ulpgc.es\/index.php\/tematicas\/trastornos-neurodegenerativos\/\" data-type=\"URL\" data-id=\"https:\/\/neuminnet.ulpgc.es\/index.php\/tematicas\/trastornos-neurodegenerativos\/\" target=\"_blank\" rel=\"noreferrer noopener\">Trastornos neurodegenerativos<\/a> <\/h4>\n<\/div>\n\n\n\n<div class=\"inherit-container-width wp-block-group is-layout-constrained wp-block-group-is-layout-constrained\">\n<h4 class=\"wp-block-heading\" style=\"font-style:normal;font-weight:300\"><a href=\"https:\/\/neuminnet.ulpgc.es\/index.php\/tematicas\/patologia-vocal\/\" data-type=\"URL\" data-id=\"https:\/\/neuminnet.ulpgc.es\/index.php\/tematicas\/patologia-vocal\/\" target=\"_blank\" rel=\"noreferrer noopener\">&#8211; Patolog\u00eda vocal<\/a> <\/h4>\n<\/div>\n\n\n\n<div class=\"inherit-container-width wp-block-group alignwide is-layout-constrained wp-block-group-is-layout-constrained\">\n<h3 class=\"wp-block-heading has-ast-global-color-0-color has-text-color\"><a href=\"https:\/\/neuminnet.ulpgc.es\/index.php\/tematicas\/fonetica-acustica\/\" data-type=\"URL\" data-id=\"https:\/\/neuminnet.ulpgc.es\/index.php\/tematicas\/fonetica-acustica\/\" target=\"_blank\" rel=\"noreferrer noopener\">Fon\u00e9tica Ac\u00fastica<\/a> <\/h3>\n<\/div>\n\n\n\n<div class=\"inherit-container-width wp-block-group alignwide is-layout-constrained wp-block-group-is-layout-constrained\">\n<h3 class=\"wp-block-heading has-ast-global-color-0-color has-text-color\">Socioling\u00fc\u00edstica<\/h3>\n<\/div>\n","protected":false},"excerpt":{"rendered":"<p>Las tem\u00e1ticas en torno a las que giran los intereses de la comunidad de NeuMinNet son las siguientes: Fon\u00e9tica Cl\u00ednica &#8211; Trastornos del neurodesarrollo &#8211; Trastornos neurodegenerativos &#8211; Patolog\u00eda vocal Fon\u00e9tica Ac\u00fastica Socioling\u00fc\u00edstica<\/p>\n","protected":false},"author":2,"featured_media":0,"parent":0,"menu_order":0,"comment_status":"closed","ping_status":"closed","template":"","meta":{"site-sidebar-layout":"default","site-content-layout":"default","ast-global-header-display":"","ast-banner-title-visibility":"","ast-main-header-display":"","ast-hfb-above-header-display":"","ast-hfb-below-header-display":"","ast-hfb-mobile-header-display":"","site-post-title":"","ast-breadcrumbs-content":"","ast-featured-img":"","footer-sml-layout":"","theme-transparent-header-meta":"","adv-header-id-meta":"","stick-header-meta":"","header-above-stick-meta":"","header-main-stick-meta":"","header-below-stick-meta":"","footnotes":""},"class_list":["post-65","page","type-page","status-publish","hentry"],"_links":{"self":[{"href":"https:\/\/neuminnet.ulpgc.es\/index.php\/wp-json\/wp\/v2\/pages\/65","targetHints":{"allow":["GET"]}}],"collection":[{"href":"https:\/\/neuminnet.ulpgc.es\/index.php\/wp-json\/wp\/v2\/pages"}],"about":[{"href":"https:\/\/neuminnet.ulpgc.es\/index.php\/wp-json\/wp\/v2\/types\/page"}],"author":[{"embeddable":true,"href":"https:\/\/neuminnet.ulpgc.es\/index.php\/wp-json\/wp\/v2\/users\/2"}],"replies":[{"embeddable":true,"href":"https:\/\/neuminnet.ulpgc.es\/index.php\/wp-json\/wp\/v2\/comments?post=65"}],"version-history":[{"count":11,"href":"https:\/\/neuminnet.ulpgc.es\/index.php\/wp-json\/wp\/v2\/pages\/65\/revisions"}],"predecessor-version":[{"id":134,"href":"https:\/\/neuminnet.ulpgc.es\/index.php\/wp-json\/wp\/v2\/pages\/65\/revisions\/134"}],"wp:attachment":[{"href":"https:\/\/neuminnet.ulpgc.es\/index.php\/wp-json\/wp\/v2\/media?parent=65"}],"curies":[{"name":"wp","href":"https:\/\/api.w.org\/{rel}","templated":true}]}}